{"id":46,"date":"2018-06-09T11:30:28","date_gmt":"2018-06-09T09:30:28","guid":{"rendered":"http:\/\/carrilho.com\/care-quality\/?page_id=46"},"modified":"2025-09-22T20:31:35","modified_gmt":"2025-09-22T18:31:35","slug":"uber-mich","status":"publish","type":"page","link":"https:\/\/www.care-quality.ch\/de\/uber-mich\/","title":{"rendered":"\u00dcber mich"},"content":{"rendered":"<p>[vc_row css_animation=&#8220;&#8220; row_type=&#8220;row&#8220; use_row_as_full_screen_section=&#8220;no&#8220; type=&#8220;full_width&#8220; angled_section=&#8220;no&#8220; text_align=&#8220;left&#8220; background_image_as_pattern=&#8220;without_pattern&#8220;][vc_column offset=&#8220;vc_hidden-sm vc_hidden-xs&#8220;][vc_empty_space height=&#8220;200px&#8220;][\/vc_column][\/vc_row][vc_row css_animation=&#8220;&#8220; row_type=&#8220;row&#8220; use_row_as_full_screen_section=&#8220;no&#8220; type=&#8220;grid&#8220; angled_section=&#8220;no&#8220; text_align=&#8220;left&#8220; background_image_as_pattern=&#8220;without_pattern&#8220; z_index=&#8220;&#8220;][vc_column width=&#8220;1\/2&#8243; css=&#8220;.vc_custom_1758264938920{margin-bottom: 20px !important;}&#8220; el_id=&#8220;keybg&#8220;][vc_empty_space height=&#8220;320px&#8220; el_class=&#8220;leerbereich&#8220;][\/vc_column][vc_column width=&#8220;1\/2&#8243;][vc_column_text]<\/p>\n<h1>Richelma D\u00e9fago<\/h1>\n<h2>Certified Profiler<\/h2>\n<p>[\/vc_column_text][vc_separator type=&#8220;small&#8220; position=&#8220;left&#8220; color=&#8220;#ae9962&#8243;][vc_column_text css=&#8220;.vc_custom_1755681784662{padding-bottom: 10px !important;}&#8220;]<\/p>\n<h2>Verhalten erkennen &#8211; Entscheidungen absichern &#8211; Wirkung verstehen<\/h2>\n<p>[\/vc_column_text][vc_column_text]Aus meiner Erfahrung im Personal- und Qualit\u00e4tsmanagement sowie der Ausbildung zum Certified Profiler ergibt sich ein Ansatz, der Fakten ber\u00fccksichtigt und zugleich den Menschen in den Mittelpunkt stellt.<br \/>\nIm Zentrum steht eine sorgf\u00e4ltige Analyse mit Gesp\u00fcr f\u00fcr Verhalten \u2013 diskret, unterst\u00fctzend und auf den jeweiligen Kontext abgestimmt.[\/vc_column_text][vc_empty_space height=&#8220;15px&#8220;][vc_single_image image=&#8220;1899&#8243; img_size=&#8220;medium&#8220; qode_css_animation=&#8220;&#8220;][\/vc_column][\/vc_row][vc_row css_animation=&#8220;&#8220; row_type=&#8220;row&#8220; use_row_as_full_screen_section=&#8220;no&#8220; type=&#8220;full_width&#8220; angled_section=&#8220;no&#8220; text_align=&#8220;left&#8220; background_image_as_pattern=&#8220;without_pattern&#8220; z_index=&#8220;&#8220;][vc_column][vc_empty_space height=&#8220;70px&#8220;][\/vc_column][\/vc_row][vc_row css_animation=&#8220;&#8220; row_type=&#8220;row&#8220; use_row_as_full_screen_section=&#8220;no&#8220; type=&#8220;full_width&#8220; angled_section=&#8220;no&#8220; text_align=&#8220;center&#8220; background_image_as_pattern=&#8220;without_pattern&#8220; z_index=&#8220;&#8220;][vc_column]<div class=\"call_to_action normal\" style=\"background-color: #c3b595;\"><div class=\"container_inner\"><div class=\"two_columns_75_25 clearfix\"><div class=\"text_wrapper column1\"><div class=\"call_to_action_text \" style=\"\">Kurzportrait von Richelma D\u00e9fago<\/div><\/div><div class=\"button_wrapper column2\"><a itemprop=\"url\" href=\"kurzportrait\/\" class=\"qbutton white \" target=\"_self\" style=\"color: #ffffff;border-color: #ffffff;background-color: #c3b595;\" data-hover-background-color=#ffffff data-hover-border-color=#ffffff data-hover-color=#ae9962>Mehr erfahren<\/a><\/div><\/div><\/div><\/div>[\/vc_column][\/vc_row][vc_row css_animation=&#8220;&#8220; row_type=&#8220;row&#8220; use_row_as_full_screen_section=&#8220;no&#8220; type=&#8220;full_width&#8220; angled_section=&#8220;no&#8220; text_align=&#8220;left&#8220; background_image_as_pattern=&#8220;without_pattern&#8220;][vc_column][vc_empty_space height=&#8220;50px&#8220;][\/vc_column][\/vc_row]<\/p>\n","protected":false},"excerpt":{"rendered":"<p>[vc_row css_animation=&#8220;&#8220; row_type=&#8220;row&#8220; use_row_as_full_screen_section=&#8220;no&#8220; type=&#8220;full_width&#8220; angled_section=&#8220;no&#8220; text_align=&#8220;left&#8220; background_image_as_pattern=&#8220;without_pattern&#8220;][vc_column offset=&#8220;vc_hidden-sm vc_hidden-xs&#8220;][vc_empty_space height=&#8220;200px&#8220;][\/vc_column][\/vc_row][vc_row css_animation=&#8220;&#8220; row_type=&#8220;row&#8220; use_row_as_full_screen_section=&#8220;no&#8220; type=&#8220;grid&#8220; angled_section=&#8220;no&#8220; text_align=&#8220;left&#8220; background_image_as_pattern=&#8220;without_pattern&#8220; z_index=&#8220;&#8220;][vc_column width=&#8220;1\/2&#8243; css=&#8220;.vc_custom_1758264938920{margin-bottom: 20px !important;}&#8220; el_id=&#8220;keybg&#8220;][vc_empty_space height=&#8220;320px&#8220; el_class=&#8220;leerbereich&#8220;][\/vc_column][vc_column width=&#8220;1\/2&#8243;][vc_column_text] Richelma D\u00e9fago Certified Profiler [\/vc_column_text][vc_separator type=&#8220;small&#8220; position=&#8220;left&#8220; color=&#8220;#ae9962&#8243;][vc_column_text css=&#8220;.vc_custom_1755681784662{padding-bottom: 10px !important;}&#8220;] Verhalten erkennen &#8211; Entscheidungen absichern &#8211; Wirkung&#8230;<\/p>\n","protected":false},"author":1,"featured_media":0,"parent":0,"menu_order":0,"comment_status":"closed","ping_status":"closed","template":"full_width.php","meta":[],"_links":{"self":[{"href":"https:\/\/www.care-quality.ch\/de\/wp-json\/wp\/v2\/pages\/46"}],"collection":[{"href":"https:\/\/www.care-quality.ch\/de\/wp-json\/wp\/v2\/pages"}],"about":[{"href":"https:\/\/www.care-quality.ch\/de\/wp-json\/wp\/v2\/types\/page"}],"author":[{"embeddable":true,"href":"https:\/\/www.care-quality.ch\/de\/wp-json\/wp\/v2\/users\/1"}],"replies":[{"embeddable":true,"href":"https:\/\/www.care-quality.ch\/de\/wp-json\/wp\/v2\/comments?post=46"}],"version-history":[{"count":11,"href":"https:\/\/www.care-quality.ch\/de\/wp-json\/wp\/v2\/pages\/46\/revisions"}],"predecessor-version":[{"id":2125,"href":"https:\/\/www.care-quality.ch\/de\/wp-json\/wp\/v2\/pages\/46\/revisions\/2125"}],"wp:attachment":[{"href":"https:\/\/www.care-quality.ch\/de\/wp-json\/wp\/v2\/media?parent=46"}],"curies":[{"name":"wp","href":"https:\/\/api.w.org\/{rel}","templated":true}]}}