{"id":1804,"date":"2019-06-12T20:48:07","date_gmt":"2019-06-12T18:48:07","guid":{"rendered":"https:\/\/www.care-quality.ch\/de\/?page_id=1804"},"modified":"2019-06-12T20:53:19","modified_gmt":"2019-06-12T18:53:19","slug":"impressum","status":"publish","type":"page","link":"https:\/\/www.care-quality.ch\/de\/impressum\/","title":{"rendered":"Impressum"},"content":{"rendered":"<p>[vc_row css_animation=&#8220;&#8220; row_type=&#8220;row&#8220; use_row_as_full_screen_section=&#8220;no&#8220; type=&#8220;full_width&#8220; angled_section=&#8220;no&#8220; text_align=&#8220;left&#8220; background_image_as_pattern=&#8220;without_pattern&#8220;][vc_column offset=&#8220;vc_hidden-sm vc_hidden-xs&#8220;][vc_empty_space height=&#8220;200px&#8220;][\/vc_column][\/vc_row][vc_row css_animation=&#8220;&#8220; row_type=&#8220;row&#8220; use_row_as_full_screen_section=&#8220;no&#8220; type=&#8220;grid&#8220; angled_section=&#8220;no&#8220; text_align=&#8220;left&#8220; background_image_as_pattern=&#8220;without_pattern&#8220; z_index=&#8220;&#8220;][vc_column][vc_column_text]<\/p>\n<h2>Impressum<\/h2>\n<p>&nbsp;<\/p>\n<h3>Kontaktadresse:<\/h3>\n<p>Care Quality<br \/>\nRichelma D\u00e9fago<br \/>\nSteigerzelg 13<br \/>\n8280 Kreuzlingen<\/p>\n<p>r.defago@care-quality.ch<\/p>\n<p>Tel:\u00a0 +41 71 6888407<br \/>\nFax: +41 71 6888406<\/p>\n<p>Handelsregisternummer: CHE-114.654.533<\/p>\n<p>&nbsp;<\/p>\n<h3>Urheberrechte:<\/h3>\n<p>Alle auf unserer Website verwendeten Bilder und sonstigen Medien sind ausschliessliches Eigentum des Betreibers oder weisen dementsprechend auf den Urheber hin. Die Vervielf\u00e4ltigung s\u00e4mtlicher Dateien ist ohne schriftliche Zustimmung des Urhebers untersagt.<\/p>\n<p>&nbsp;<\/p>\n<h2>Datenschutzerkl\u00e4rung<\/h2>\n<p>&nbsp;<\/p>\n<h3>Allgemeine Datenschutzhinweise:<\/h3>\n<p>Bei Zugriff auf unsere Website werden personenbezogene Daten erfasst. Mit Nutzung unserer Website erkl\u00e4ren Sie sich mit der im Folgenden beschriebenen Speicherung, Sammlung und Nutzung ihrer pers\u00f6nlichen Daten einverstanden.<\/p>\n<p>Wir verpflichten uns im Rahmen des Artikels 13 der schweizerischen Bundesverfassung und den datenschutzrechtlichen Bestimmungen des Bundes (DSG), sowie entsprechend dem europ\u00e4ischen Datenschutzgesetz (DSGVO), den vertraulichen Umgang mit Ihren personenbezogenen Daten so gut wie m\u00f6glich zu gew\u00e4hrleisten, sie damit vor Missbrauch dieser zu sch\u00fctzen und transparente Informationen zum Gebrauch hiermit sicherzustellen. Wir weisen darauf hin, dass ein l\u00fcckenloser Schutz vor dem Zugriff Dritter generell nicht zugesichert werden kann. Wir sind jedoch stets bem\u00fcht, alle Eventualit\u00e4ten so sorgf\u00e4ltig wie m\u00f6glich auszuschliessen. Ferner versichern wir hiermit Ihre Daten weder an Dritte zu verkaufen, noch in sonstiger Form weiterzugeben.<\/p>\n<p>&nbsp;<\/p>\n<h3>Welche Personenbezogenen Daten werden gesammelt und weshalb?<\/h3>\n<p>Bei Zugriff auf unsere Website werden aus Gr\u00fcnden der Sicherstellung der Systemsicherheit- wie Stabilit\u00e4t, der st\u00f6rungsfreien Verbindung und Benutzung unserer Website und zum Zwecke sonstiger administrativer Funktionen Informationen allgemeiner Art gespeichert. Diese Serverlogfiles werden von Ihrem Browser an uns automatisch \u00fcbermittelt und umfassen Browsertyp- und Version, verwendetes Betriebssystem, Ihre URL, den Hostnamen Ihres Rechners, sowie die Zugriffsuhrzeit.<\/p>\n<p>&nbsp;<\/p>\n<h3>Speicherdauer:<\/h3>\n<p>Diese Daten lassen keine konkreten R\u00fcckschl\u00fcsse auf Ihre Person zu und werden von uns nicht mit weiteren Diensten verkn\u00fcpft, jedoch behalten wir uns die nachtr\u00e4gliche Pr\u00fcfung im Falle von rechtswidrigem Missbrauch vor.<\/p>\n<p>&nbsp;<\/p>\n<h3>Kontaktformular:<\/h3>\n<p>Die von Ihnen eingegeben Daten im Kontakt- und Anfrageformular werden zu Zwecken der Zuordnung und Bearbeitung Ihrer Anfrage gespeichert, so dass gegebenenfalls die Anschlusskommunikation technisch problemlos sichergestellt werden kann. Dabei verpflichten wir uns, diese nicht ohne Ihre Autorisierung an Dritte weiterzugeben. Wir weisen Sie hiermit darauf hin, die \u00dcbermittlung besonders sensibler Daten \u00fcber das Kontakt- und Anfrageformular zu vermeiden. Treten Sie im Zweifelsfall besser pers\u00f6nlich mit uns via Email in Kontakt.<\/p>\n<p>&nbsp;<\/p>\n<h3>Auskunftspflicht:<\/h3>\n<p>Bei jeglichen Fragen hinsichtlich Ihrer Daten, wenden Sie sich bitte an: r.defago@care-quality.ch<\/p>\n<p>Hiermit m\u00f6chten wir Ihnen die M\u00f6glichkeit geben von Ihrem Recht auf Auskunft bez\u00fcglich Ihrer Daten und gegebenenfalls auf Anpassung und L\u00f6schung Gebrauch zu machen.<\/p>\n<p>&nbsp;<\/p>\n<p>Wir verwenden SSL Verschl\u00fcsselung um ihre Daten zu sch\u00fctzen.[\/vc_column_text][\/vc_column][\/vc_row][vc_row css_animation=&#8220;&#8220; row_type=&#8220;row&#8220; use_row_as_full_screen_section=&#8220;no&#8220; type=&#8220;full_width&#8220; angled_section=&#8220;no&#8220; text_align=&#8220;left&#8220; background_image_as_pattern=&#8220;without_pattern&#8220;][vc_column][vc_empty_space height=&#8220;50px&#8220;][\/vc_column][\/vc_row]<\/p>\n","protected":false},"excerpt":{"rendered":"<p>[vc_row css_animation=&#8220;&#8220; row_type=&#8220;row&#8220; use_row_as_full_screen_section=&#8220;no&#8220; type=&#8220;full_width&#8220; angled_section=&#8220;no&#8220; text_align=&#8220;left&#8220; background_image_as_pattern=&#8220;without_pattern&#8220;][vc_column offset=&#8220;vc_hidden-sm vc_hidden-xs&#8220;][vc_empty_space height=&#8220;200px&#8220;][\/vc_column][\/vc_row][vc_row css_animation=&#8220;&#8220; row_type=&#8220;row&#8220; use_row_as_full_screen_section=&#8220;no&#8220; type=&#8220;grid&#8220; angled_section=&#8220;no&#8220; text_align=&#8220;left&#8220; background_image_as_pattern=&#8220;without_pattern&#8220; z_index=&#8220;&#8220;][vc_column][vc_column_text] Impressum &nbsp; Kontaktadresse: Care Quality Richelma D\u00e9fago Steigerzelg 13 8280 Kreuzlingen r.defago@care-quality.ch Tel:\u00a0 +41 71 6888407 Fax: +41 71 6888406 Handelsregisternummer: CHE-114.654.533 &nbsp; Urheberrechte: Alle auf&#8230;<\/p>\n","protected":false},"author":1,"featured_media":0,"parent":0,"menu_order":0,"comment_status":"closed","ping_status":"closed","template":"full_width.php","meta":[],"_links":{"self":[{"href":"https:\/\/www.care-quality.ch\/de\/wp-json\/wp\/v2\/pages\/1804"}],"collection":[{"href":"https:\/\/www.care-quality.ch\/de\/wp-json\/wp\/v2\/pages"}],"about":[{"href":"https:\/\/www.care-quality.ch\/de\/wp-json\/wp\/v2\/types\/page"}],"author":[{"embeddable":true,"href":"https:\/\/www.care-quality.ch\/de\/wp-json\/wp\/v2\/users\/1"}],"replies":[{"embeddable":true,"href":"https:\/\/www.care-quality.ch\/de\/wp-json\/wp\/v2\/comments?post=1804"}],"version-history":[{"count":10,"href":"https:\/\/www.care-quality.ch\/de\/wp-json\/wp\/v2\/pages\/1804\/revisions"}],"predecessor-version":[{"id":1815,"href":"https:\/\/www.care-quality.ch\/de\/wp-json\/wp\/v2\/pages\/1804\/revisions\/1815"}],"wp:attachment":[{"href":"https:\/\/www.care-quality.ch\/de\/wp-json\/wp\/v2\/media?parent=1804"}],"curies":[{"name":"wp","href":"https:\/\/api.w.org\/{rel}","templated":true}]}}