{"id":180,"date":"2018-06-10T17:57:39","date_gmt":"2018-06-10T15:57:39","guid":{"rendered":"https:\/\/carrilho.com\/care-quality\/?page_id=180"},"modified":"2025-09-22T21:42:25","modified_gmt":"2025-09-22T19:42:25","slug":"inhouse-workshop","status":"publish","type":"page","link":"https:\/\/www.care-quality.ch\/de\/mein-angebot\/inhouse-workshop\/","title":{"rendered":"Inhouse Workshop"},"content":{"rendered":"<p>[vc_row css_animation=&#8220;&#8220; row_type=&#8220;row&#8220; use_row_as_full_screen_section=&#8220;no&#8220; type=&#8220;full_width&#8220; angled_section=&#8220;no&#8220; text_align=&#8220;left&#8220; background_image_as_pattern=&#8220;without_pattern&#8220;][vc_column offset=&#8220;vc_hidden-sm vc_hidden-xs&#8220;][vc_empty_space height=&#8220;200px&#8220;][\/vc_column][\/vc_row][vc_row css_animation=&#8220;&#8220; row_type=&#8220;row&#8220; use_row_as_full_screen_section=&#8220;no&#8220; type=&#8220;grid&#8220; angled_section=&#8220;no&#8220; text_align=&#8220;left&#8220; background_image_as_pattern=&#8220;without_pattern&#8220; z_index=&#8220;&#8220;][vc_column width=&#8220;1\/2&#8243;][vc_single_image image=&#8220;1167&#8243; img_size=&#8220;full&#8220; alignment=&#8220;right&#8220; qode_css_animation=&#8220;&#8220;][\/vc_column][vc_column width=&#8220;1\/2&#8243;][vc_column_text]<\/p>\n<h1>Inhouse Workshop \u2013 Profiling praxisnah erleben<\/h1>\n<p>[\/vc_column_text][vc_separator type=&#8220;small&#8220; position=&#8220;left&#8220; color=&#8220;#ae9962&#8243;][vc_column_text css=&#8220;.vc_custom_1758567451686{padding-bottom: 10px !important;}&#8220;]<\/p>\n<h2>Bringen Sie Wissen direkt in Ihr Unternehmen!<\/h2>\n<p>[\/vc_column_text][vc_column_text css=&#8220;.vc_custom_1758570144338{padding-bottom: 15px !important;}&#8220;]Inhouse-Schulungen bringen Mitarbeitende effizient und praxisnah auf einen gemeinsamen Stand \u2013 von Verhaltensbeobachtung \u00fcber nonverbale Signale bis hin zu Kommunikationsdynamiken.<\/p>\n<p>&nbsp;<\/p>\n<p>Sie st\u00e4rken das Verst\u00e4ndnis f\u00fcr zwischenmenschliche Zusammenh\u00e4nge und f\u00f6rdern eine bewusste, vertrauensvolle Zusammenarbeit im Team.<\/p>\n<p>&nbsp;<\/p>\n<p>In meinen <a class=\"gold-link\" href=\"#workshop\">Workshops<\/a> vermittle ich konkrete Methoden und Werkzeuge, die im Alltag und Arbeitskontext sicher angewendet werden k\u00f6nnen.[\/vc_column_text][\/vc_column][\/vc_row][vc_row css_animation=&#8220;&#8220; row_type=&#8220;row&#8220; use_row_as_full_screen_section=&#8220;no&#8220; type=&#8220;full_width&#8220; angled_section=&#8220;no&#8220; text_align=&#8220;left&#8220; background_image_as_pattern=&#8220;without_pattern&#8220;][vc_column offset=&#8220;vc_hidden-lg vc_hidden-md&#8220;][vc_empty_space height=&#8220;40px&#8220;][\/vc_column][\/vc_row][vc_row css_animation=&#8220;&#8220; row_type=&#8220;row&#8220; use_row_as_full_screen_section=&#8220;no&#8220; type=&#8220;full_width&#8220; angled_section=&#8220;no&#8220; text_align=&#8220;center&#8220; background_image_as_pattern=&#8220;without_pattern&#8220; z_index=&#8220;&#8220; css=&#8220;.vc_custom_1528651225745{background-color: #c3b595 !important;}&#8220;][vc_column][vc_row_inner row_type=&#8220;row&#8220; type=&#8220;grid&#8220; text_align=&#8220;center&#8220; css_animation=&#8220;&#8220; css=&#8220;.vc_custom_1534359554962{padding-top: 20px !important;padding-bottom: 20px !important;}&#8220;][vc_column_inner][vc_column_text]<\/p>\n<p class=\"zitat\">\u00abVer\u00e4nderungen beg\u00fcnstigen nur den, der darauf vorbereitet ist.\u00bb <span class=\"zitat-aut\">\u2014 Louis Pasteur<\/span><\/p>\n<p>[\/vc_column_text][\/vc_column_inner][\/vc_row_inner][\/vc_column][\/vc_row][vc_row css_animation=&#8220;&#8220; row_type=&#8220;row&#8220; use_row_as_full_screen_section=&#8220;no&#8220; type=&#8220;full_width&#8220; angled_section=&#8220;no&#8220; text_align=&#8220;left&#8220; background_image_as_pattern=&#8220;without_pattern&#8220; z_index=&#8220;&#8220;][vc_column][vc_empty_space height=&#8220;30px&#8220;][\/vc_column][\/vc_row][vc_row css_animation=&#8220;&#8220; row_type=&#8220;row&#8220; use_row_as_full_screen_section=&#8220;no&#8220; type=&#8220;grid&#8220; angled_section=&#8220;no&#8220; text_align=&#8220;left&#8220; background_image_as_pattern=&#8220;without_pattern&#8220; css=&#8220;.vc_custom_1758570068146{padding-top: 50px !important;}&#8220; z_index=&#8220;&#8220; el_id=&#8220;workshop&#8220;][vc_column width=&#8220;1\/2&#8243;][vc_single_image image=&#8220;1787&#8243; img_size=&#8220;full&#8220; add_caption=&#8220;yes&#8220; alignment=&#8220;center&#8220; qode_css_animation=&#8220;&#8220; css=&#8220;.vc_custom_1538922989270{padding-right: 25px !important;padding-bottom: 25px !important;}&#8220;][\/vc_column][vc_column width=&#8220;1\/2&#8243;][vc_column_text css=&#8220;.vc_custom_1755682837058{padding-bottom: 10px !important;}&#8220;]<\/p>\n<h3>Sie k\u00f6nnen zwischen folgenden Modulen w\u00e4hlen (\u00e0 3h):<\/h3>\n<p>[\/vc_column_text][vc_empty_space height=&#8220;15px&#8220;][vc_column_text css=&#8220;.vc_custom_1534359139853{padding-bottom: 15px !important;}&#8220;]<\/p>\n<ul>\n<li>Mitarbeiterf\u00fchrung<\/li>\n<li>Prinzipien der Kommunikation<\/li>\n<li>Teamarbeit<\/li>\n<li>Konfliktmanagement<\/li>\n<li>Changemanagement<\/li>\n<li>Delegieren<\/li>\n<\/ul>\n<p>[\/vc_column_text][vc_column_text css=&#8220;.vc_custom_1758569869019{padding-bottom: 10px !important;}&#8220;]<\/p>\n<h3>M\u00f6chten Sie Auskunft?<\/h3>\n<p>[\/vc_column_text][vc_column_text css=&#8220;.vc_custom_1758569883423{padding-bottom: 15px !important;}&#8220;]Rufen Sie an. Ich unterst\u00fctze Sie gerne mit individuellen Inhouse Schulungen (Tel. +41 71 688 84 07).<\/p>\n<p>&nbsp;<\/p>\n<p>Oder schreiben Sie eine Nachricht \u00fcber das <a href=\"https:\/\/www.care-quality.ch\/de\/kontakt\/\">Kontaktformular<\/a>.[\/vc_column_text][\/vc_column][\/vc_row][vc_row css_animation=&#8220;&#8220; row_type=&#8220;row&#8220; use_row_as_full_screen_section=&#8220;no&#8220; type=&#8220;full_width&#8220; angled_section=&#8220;no&#8220; text_align=&#8220;left&#8220; background_image_as_pattern=&#8220;without_pattern&#8220; z_index=&#8220;&#8220;][vc_column][vc_empty_space height=&#8220;50px&#8220;][\/vc_column][\/vc_row]<\/p>\n","protected":false},"excerpt":{"rendered":"<p>[vc_row css_animation=&#8220;&#8220; row_type=&#8220;row&#8220; use_row_as_full_screen_section=&#8220;no&#8220; type=&#8220;full_width&#8220; angled_section=&#8220;no&#8220; text_align=&#8220;left&#8220; background_image_as_pattern=&#8220;without_pattern&#8220;][vc_column offset=&#8220;vc_hidden-sm vc_hidden-xs&#8220;][vc_empty_space height=&#8220;200px&#8220;][\/vc_column][\/vc_row][vc_row css_animation=&#8220;&#8220; row_type=&#8220;row&#8220; use_row_as_full_screen_section=&#8220;no&#8220; type=&#8220;grid&#8220; angled_section=&#8220;no&#8220; text_align=&#8220;left&#8220; background_image_as_pattern=&#8220;without_pattern&#8220; z_index=&#8220;&#8220;][vc_column width=&#8220;1\/2&#8243;][vc_single_image image=&#8220;1167&#8243; img_size=&#8220;full&#8220; alignment=&#8220;right&#8220; qode_css_animation=&#8220;&#8220;][\/vc_column][vc_column width=&#8220;1\/2&#8243;][vc_column_text] Inhouse Workshop \u2013 Profiling praxisnah erleben [\/vc_column_text][vc_separator type=&#8220;small&#8220; position=&#8220;left&#8220; color=&#8220;#ae9962&#8243;][vc_column_text css=&#8220;.vc_custom_1758567451686{padding-bottom: 10px !important;}&#8220;] Bringen Sie Wissen direkt in Ihr Unternehmen!&#8230;<\/p>\n","protected":false},"author":1,"featured_media":0,"parent":158,"menu_order":0,"comment_status":"closed","ping_status":"closed","template":"full_width.php","meta":[],"_links":{"self":[{"href":"https:\/\/www.care-quality.ch\/de\/wp-json\/wp\/v2\/pages\/180"}],"collection":[{"href":"https:\/\/www.care-quality.ch\/de\/wp-json\/wp\/v2\/pages"}],"about":[{"href":"https:\/\/www.care-quality.ch\/de\/wp-json\/wp\/v2\/types\/page"}],"author":[{"embeddable":true,"href":"https:\/\/www.care-quality.ch\/de\/wp-json\/wp\/v2\/users\/1"}],"replies":[{"embeddable":true,"href":"https:\/\/www.care-quality.ch\/de\/wp-json\/wp\/v2\/comments?post=180"}],"version-history":[{"count":10,"href":"https:\/\/www.care-quality.ch\/de\/wp-json\/wp\/v2\/pages\/180\/revisions"}],"predecessor-version":[{"id":2158,"href":"https:\/\/www.care-quality.ch\/de\/wp-json\/wp\/v2\/pages\/180\/revisions\/2158"}],"up":[{"embeddable":true,"href":"https:\/\/www.care-quality.ch\/de\/wp-json\/wp\/v2\/pages\/158"}],"wp:attachment":[{"href":"https:\/\/www.care-quality.ch\/de\/wp-json\/wp\/v2\/media?parent=180"}],"curies":[{"name":"wp","href":"https:\/\/api.w.org\/{rel}","templated":true}]}}