{"id":178,"date":"2018-06-10T17:57:26","date_gmt":"2018-06-10T15:57:26","guid":{"rendered":"https:\/\/carrilho.com\/care-quality\/?page_id=178"},"modified":"2025-09-17T12:07:28","modified_gmt":"2025-09-17T10:07:28","slug":"skill-grademix","status":"publish","type":"page","link":"https:\/\/www.care-quality.ch\/de\/mein-angebot\/skill-grademix\/","title":{"rendered":"Skill- &#038; Grademix"},"content":{"rendered":"<p>[vc_row css_animation=&#8220;&#8220; row_type=&#8220;row&#8220; use_row_as_full_screen_section=&#8220;no&#8220; type=&#8220;full_width&#8220; angled_section=&#8220;no&#8220; text_align=&#8220;left&#8220; background_image_as_pattern=&#8220;without_pattern&#8220;][vc_column offset=&#8220;vc_hidden-sm vc_hidden-xs&#8220;][vc_empty_space height=&#8220;200px&#8220;][\/vc_column][\/vc_row][vc_row css_animation=&#8220;&#8220; row_type=&#8220;row&#8220; use_row_as_full_screen_section=&#8220;no&#8220; type=&#8220;grid&#8220; angled_section=&#8220;no&#8220; text_align=&#8220;left&#8220; background_image_as_pattern=&#8220;without_pattern&#8220; z_index=&#8220;&#8220;][vc_column width=&#8220;1\/2&#8243; el_id=&#8220;testvideo&#8220;][vc_empty_space height=&#8220;400px&#8220;][\/vc_column][vc_column width=&#8220;1\/2&#8243;][vc_column_text]<\/p>\n<h1>Skill- &amp; Grademix<\/h1>\n<p>[\/vc_column_text][vc_separator type=&#8220;small&#8220; position=&#8220;left&#8220; color=&#8220;#ae9962&#8243;][vc_column_text css=&#8220;.vc_custom_1534358344231{padding-bottom: 10px !important;}&#8220;]<\/p>\n<h2>Optimieren Sie Ihre Personalressourcen!<\/h2>\n<p>[\/vc_column_text][vc_column_text css=&#8220;.vc_custom_1534358359488{padding-bottom: 15px !important;}&#8220;]Vor dem Hintergrund demographischer Ver\u00e4nderungen wird es besonders in Zukunft immer wichtiger, die vorhandenen Ressourcen optimal einzusetzen. Die richtige Zusammenstellung aus diplomierten Kr\u00e4ften, FaGe und Pflegeassistenz zu finden, ist eine neue Herausforderung an die Institutionen im Gesundheitsbereich. Durch unser Projekt werden Sie unterst\u00fctzt, die bestm\u00f6gliche Zusammenstellung an Pflegekr\u00e4ften zu ermitteln. Es soll Klarheit bez\u00fcglich der Berufs- und Kompetenzprofile der Mitarbeiter geschaffen werden. Weitere Ziele sind die Integration der neuen Berufe in den Stationsalltag und die Aufrechterhaltung der Pflegequalit\u00e4t.<\/p>\n<p>&nbsp;<\/p>\n<p>Die Fallsstudie \u00abSkill- und Grademix in der Langzeitpflege\u00bb belegt u.a., dass die Arbeitszufriedenheit der Mitarbeiter durch die neue Arbeitsorganisation erh\u00f6ht wird. Eine hohe Arbeitszufriedenheit wirkt sich wiederum positiv auf die Arbeitsleistung, Fluktuation, K\u00fcndigungsabsicht, Abwesenheit und auf die Identifikation der Mitarbeiter mit dem Unternehmen aus. Dies sind allesamt Faktoren, die sich ausserdem auf die Effektivit\u00e4t und Effizienz auswirken und den wirtschaftlichen Erfolg eines Betriebes steigern l\u00e4sst.[\/vc_column_text][vc_empty_space height=&#8220;15px&#8220;][vc_single_image image=&#8220;1167&#8243; img_size=&#8220;full&#8220; alignment=&#8220;right&#8220; qode_css_animation=&#8220;&#8220;][\/vc_column][\/vc_row][vc_row css_animation=&#8220;&#8220; row_type=&#8220;row&#8220; use_row_as_full_screen_section=&#8220;no&#8220; type=&#8220;full_width&#8220; angled_section=&#8220;no&#8220; text_align=&#8220;left&#8220; background_image_as_pattern=&#8220;without_pattern&#8220; z_index=&#8220;&#8220;][vc_column][vc_empty_space height=&#8220;40px&#8220;][\/vc_column][\/vc_row][vc_row css_animation=&#8220;&#8220; row_type=&#8220;row&#8220; use_row_as_full_screen_section=&#8220;no&#8220; type=&#8220;full_width&#8220; angled_section=&#8220;no&#8220; text_align=&#8220;center&#8220; background_image_as_pattern=&#8220;without_pattern&#8220; z_index=&#8220;&#8220; css=&#8220;.vc_custom_1528651225745{background-color: #c3b595 !important;}&#8220;][vc_column][vc_row_inner row_type=&#8220;row&#8220; type=&#8220;grid&#8220; text_align=&#8220;center&#8220; css_animation=&#8220;&#8220; css=&#8220;.vc_custom_1528651343963{padding-top: 20px !important;padding-bottom: 20px !important;}&#8220;][vc_column_inner][vc_column_text]<\/p>\n<p class=\"zitat\">\u00abNur mit den Augen der andern kann man die eigenen Fehler gut sehen.\u00bb <span class=\"zitat-aut\">\u2014 Aus China<\/span><\/p>\n<p>[\/vc_column_text][\/vc_column_inner][\/vc_row_inner][\/vc_column][\/vc_row][vc_row css_animation=&#8220;&#8220; row_type=&#8220;row&#8220; use_row_as_full_screen_section=&#8220;no&#8220; type=&#8220;full_width&#8220; angled_section=&#8220;no&#8220; text_align=&#8220;left&#8220; background_image_as_pattern=&#8220;without_pattern&#8220; z_index=&#8220;&#8220;][vc_column][vc_empty_space height=&#8220;30px&#8220;][\/vc_column][\/vc_row][vc_row css_animation=&#8220;&#8220; row_type=&#8220;row&#8220; use_row_as_full_screen_section=&#8220;no&#8220; type=&#8220;grid&#8220; angled_section=&#8220;no&#8220; text_align=&#8220;left&#8220; background_image_as_pattern=&#8220;without_pattern&#8220; css=&#8220;.vc_custom_1528733108850{padding-top: 50px !important;padding-bottom: 50px !important;}&#8220; z_index=&#8220;&#8220;][vc_column width=&#8220;1\/2&#8243;][vc_single_image image=&#8220;1784&#8243; img_size=&#8220;full&#8220; add_caption=&#8220;yes&#8220; alignment=&#8220;center&#8220; qode_css_animation=&#8220;&#8220; css=&#8220;.vc_custom_1538922937290{padding-right: 25px !important;padding-bottom: 25px !important;}&#8220;][\/vc_column][vc_column width=&#8220;1\/2&#8243;][vc_column_text]<\/p>\n<h3 style=\"color: #00457c;\">Das Care Quality-Angebot<\/h3>\n<p>[\/vc_column_text][vc_empty_space height=&#8220;15px&#8220;][vc_column_text]In einem Kickoffmeeting werden wir Sie zun\u00e4chst in das Thema einf\u00fchren und Ihnen die Bedeutung und den Nutzen des Skill- und Grademix f\u00fcr die berufliche Praxis verdeutlichen.<br \/>\nIm weiteren Projektverlauf finden zwei zus\u00e4tzliche Treffen statt. Hier wird Ihnen das n\u00f6tige Handwerkszeug vermittelt, um den Skill- und Grademix Schritt f\u00fcr Schritt in Ihrer Institution durchzuf\u00fchren.<br \/>\nZum Abschluss finden eine Evaluation und die abschliessende Beurteilung des Projekts statt.[\/vc_column_text][\/vc_column][\/vc_row][vc_row css_animation=&#8220;&#8220; row_type=&#8220;row&#8220; use_row_as_full_screen_section=&#8220;no&#8220; type=&#8220;grid&#8220; angled_section=&#8220;no&#8220; text_align=&#8220;left&#8220; background_image_as_pattern=&#8220;without_pattern&#8220; z_index=&#8220;&#8220; css=&#8220;.vc_custom_1534358726157{padding-bottom: 50px !important;}&#8220;][vc_column width=&#8220;1\/2&#8243; css=&#8220;.vc_custom_1528735000327{padding-bottom: 25px !important;}&#8220;][vc_column_text]<\/p>\n<h4 style=\"color: #00457c; font-weight: 600;\">Ihr Nutzen<\/h4>\n<p>[\/vc_column_text][vc_empty_space height=&#8220;15px&#8220;][vc_column_text]<\/p>\n<ul>\n<li>Optimaler Einsatz der vorhandenen Personalressourcen<\/li>\n<li>Dem drohenden Personalmangel vorbeugen<\/li>\n<li>H\u00f6herer Informationsstand im Team<\/li>\n<li>Entlastung auf der Abteilung<\/li>\n<li>Mitarbeiterf\u00f6rderung<\/li>\n<li>H\u00f6here Arbeitszufriedenheit<\/li>\n<li>Erfolgserlebnisse<\/li>\n<li>Steigende Identifikation mit dem Unternehmen<\/li>\n<li>Entwicklungsm\u00f6glichkeiten<\/li>\n<li>Steigende Flexibilit\u00e4t<\/li>\n<li>Neue Aufgaben und Rollenverteilung<\/li>\n<li>Nutzung der Kenntnisse und Erfahrung der Mitarbeiter<\/li>\n<li>Learning by doing<\/li>\n<\/ul>\n<p>[\/vc_column_text][\/vc_column][vc_column width=&#8220;1\/2&#8243;][vc_single_image image=&#8220;1785&#8243; img_size=&#8220;full&#8220; add_caption=&#8220;yes&#8220; alignment=&#8220;center&#8220; qode_css_animation=&#8220;&#8220; css=&#8220;.vc_custom_1538922953841{padding-left: 25px !important;}&#8220;][\/vc_column][\/vc_row][vc_row css_animation=&#8220;&#8220; row_type=&#8220;row&#8220; use_row_as_full_screen_section=&#8220;no&#8220; type=&#8220;grid&#8220; angled_section=&#8220;no&#8220; text_align=&#8220;left&#8220; background_image_as_pattern=&#8220;without_pattern&#8220; z_index=&#8220;&#8220;][vc_column width=&#8220;1\/2&#8243; css=&#8220;.vc_custom_1528735000327{padding-bottom: 25px !important;}&#8220;][vc_column_text]<\/p>\n<h4 style=\"color: #00457c; font-weight: 600;\">Unser Arbeitsmittel<\/h4>\n<p>[\/vc_column_text][vc_empty_space height=&#8220;15px&#8220;][vc_column_text]<\/p>\n<ul>\n<li>Handbuch \u00abSkill- und Grademix in Langzeitinstitutionen\u00bb (82-seitig&amp;farbig)<\/li>\n<\/ul>\n<p>[\/vc_column_text][vc_single_image image=&#8220;1172&#8243; img_size=&#8220;full&#8220; alignment=&#8220;center&#8220; qode_css_animation=&#8220;&#8220; css=&#8220;.vc_custom_1534358638831{padding-left: 25px !important;}&#8220;][\/vc_column][vc_column width=&#8220;1\/2&#8243;][\/vc_column][\/vc_row][vc_row css_animation=&#8220;&#8220; row_type=&#8220;row&#8220; use_row_as_full_screen_section=&#8220;no&#8220; type=&#8220;full_width&#8220; angled_section=&#8220;no&#8220; text_align=&#8220;left&#8220; background_image_as_pattern=&#8220;without_pattern&#8220; z_index=&#8220;&#8220;][vc_column][vc_empty_space height=&#8220;70px&#8220;][\/vc_column][\/vc_row][vc_row css_animation=&#8220;&#8220; row_type=&#8220;row&#8220; use_row_as_full_screen_section=&#8220;no&#8220; type=&#8220;grid&#8220; angled_section=&#8220;no&#8220; text_align=&#8220;center&#8220; background_image_as_pattern=&#8220;without_pattern&#8220; z_index=&#8220;&#8220;][vc_column width=&#8220;1\/3&#8243; css=&#8220;.vc_custom_1528731199407{padding-bottom: 50px !important;}&#8220;]<span data-type=\"normal\"  class=\"qode_icon_shortcode  q_font_awsome_icon fa-5x  \" style=\" \"><i class=\"qodef-icon-linea-icon icon-arrows-anticlockwise-dashed qode_icon_element\" style=\"color: #ae9962;\" ><\/i><\/span>[vc_empty_space height=&#8220;15px&#8220;][vc_column_text]<\/p>\n<h2 style=\"color: #00457c;\">Qualit\u00e4tsmanagement<\/h2>\n<p>[\/vc_column_text][vc_empty_space height=&#8220;15px&#8220;][vc_column_text]Qualit\u00e4tsmanagement ist der Schl\u00fcssel zu einem erfolgreichen unternehmerischen Handeln.[\/vc_column_text][vc_empty_space height=&#8220;25px&#8220;]<a  itemprop=\"url\" href=\"..\/qualitaetsmanagement\/\" target=\"_self\" data-hover-background-color='#00457c' data-hover-border-color='#00457c' data-hover-color='#ffffff' class=\"qbutton  small default\" style=\"color: #00457c; border-color: #00457c; background-color: #ffffff;\">Mehr erfahren<\/a>[\/vc_column][vc_column width=&#8220;1\/3&#8243; css=&#8220;.vc_custom_1528731204718{padding-bottom: 50px !important;}&#8220;]<span data-type=\"normal\"  class=\"qode_icon_shortcode  q_font_awsome_icon fa-5x  \" style=\" \"><i class=\"qodef-icon-linea-icon icon-arrows-expand qode_icon_element\" style=\"color: #ae9962;\" ><\/i><\/span>[vc_empty_space height=&#8220;15px&#8220;][vc_column_text]<\/p>\n<h2 style=\"color: #00457c;\">Human Resources<\/h2>\n<p>[\/vc_column_text][vc_empty_space height=&#8220;15px&#8220;][vc_column_text]Der Erfolg eines Unternehmens h\u00e4ngt wesentlich von seinen Mitarbeiterinnen und Mitarbeitern ab.[\/vc_column_text][vc_empty_space height=&#8220;25px&#8220;]<a  itemprop=\"url\" href=\"..\/human-resources\/\" target=\"_self\" data-hover-background-color='#00457c' data-hover-border-color='#00457c' data-hover-color='#ffffff' class=\"qbutton  small default\" style=\"color: #00457c; border-color: #00457c; background-color: #ffffff;\">Mehr erfahren<\/a>[\/vc_column][vc_column width=&#8220;1\/3&#8243;]<span data-type=\"normal\"  class=\"qode_icon_shortcode  q_font_awsome_icon fa-5x  \" style=\" \"><i class=\"qodef-icon-linea-icon icon-basic-eye qode_icon_element\" style=\"color: #ae9962;\" ><\/i><\/span>[vc_empty_space height=&#8220;15px&#8220;][vc_column_text]<\/p>\n<h2 style=\"color: #00457c;\">Inhouse-Workshops<\/h2>\n<p>[\/vc_column_text][vc_empty_space height=&#8220;15px&#8220;][vc_column_text]Holen Sie sich Ihre Fortbildungen ins eigene Haus! Inhouse Schulungen sind kosteng\u00fcnstig und effizient.[\/vc_column_text][vc_empty_space height=&#8220;25px&#8220;]<a  itemprop=\"url\" href=\"..\/betriebsinterne-schulungen\/\" target=\"_self\" data-hover-background-color='#00457c' data-hover-border-color='#00457c' data-hover-color='#ffffff' class=\"qbutton  small default\" style=\"color: #00457c; border-color: #00457c; background-color: #ffffff;\">Mehr erfahren<\/a>[\/vc_column][\/vc_row][vc_row css_animation=&#8220;&#8220; row_type=&#8220;row&#8220; use_row_as_full_screen_section=&#8220;no&#8220; type=&#8220;full_width&#8220; angled_section=&#8220;no&#8220; text_align=&#8220;left&#8220; background_image_as_pattern=&#8220;without_pattern&#8220; z_index=&#8220;&#8220;][vc_column][vc_empty_space height=&#8220;50px&#8220;][\/vc_column][\/vc_row]<\/p>\n","protected":false},"excerpt":{"rendered":"<p>[vc_row css_animation=&#8220;&#8220; row_type=&#8220;row&#8220; use_row_as_full_screen_section=&#8220;no&#8220; type=&#8220;full_width&#8220; angled_section=&#8220;no&#8220; text_align=&#8220;left&#8220; background_image_as_pattern=&#8220;without_pattern&#8220;][vc_column offset=&#8220;vc_hidden-sm vc_hidden-xs&#8220;][vc_empty_space height=&#8220;200px&#8220;][\/vc_column][\/vc_row][vc_row css_animation=&#8220;&#8220; row_type=&#8220;row&#8220; use_row_as_full_screen_section=&#8220;no&#8220; type=&#8220;grid&#8220; angled_section=&#8220;no&#8220; text_align=&#8220;left&#8220; background_image_as_pattern=&#8220;without_pattern&#8220; z_index=&#8220;&#8220;][vc_column width=&#8220;1\/2&#8243; el_id=&#8220;testvideo&#8220;][vc_empty_space height=&#8220;400px&#8220;][\/vc_column][vc_column width=&#8220;1\/2&#8243;][vc_column_text] Skill- &amp; Grademix [\/vc_column_text][vc_separator type=&#8220;small&#8220; position=&#8220;left&#8220; color=&#8220;#ae9962&#8243;][vc_column_text css=&#8220;.vc_custom_1534358344231{padding-bottom: 10px !important;}&#8220;] Optimieren Sie Ihre Personalressourcen! [\/vc_column_text][vc_column_text css=&#8220;.vc_custom_1534358359488{padding-bottom: 15px !important;}&#8220;]Vor dem Hintergrund demographischer Ver\u00e4nderungen&#8230;<\/p>\n","protected":false},"author":1,"featured_media":0,"parent":158,"menu_order":0,"comment_status":"closed","ping_status":"closed","template":"full_width.php","meta":[],"_links":{"self":[{"href":"https:\/\/www.care-quality.ch\/de\/wp-json\/wp\/v2\/pages\/178"}],"collection":[{"href":"https:\/\/www.care-quality.ch\/de\/wp-json\/wp\/v2\/pages"}],"about":[{"href":"https:\/\/www.care-quality.ch\/de\/wp-json\/wp\/v2\/types\/page"}],"author":[{"embeddable":true,"href":"https:\/\/www.care-quality.ch\/de\/wp-json\/wp\/v2\/users\/1"}],"replies":[{"embeddable":true,"href":"https:\/\/www.care-quality.ch\/de\/wp-json\/wp\/v2\/comments?post=178"}],"version-history":[{"count":10,"href":"https:\/\/www.care-quality.ch\/de\/wp-json\/wp\/v2\/pages\/178\/revisions"}],"predecessor-version":[{"id":2038,"href":"https:\/\/www.care-quality.ch\/de\/wp-json\/wp\/v2\/pages\/178\/revisions\/2038"}],"up":[{"embeddable":true,"href":"https:\/\/www.care-quality.ch\/de\/wp-json\/wp\/v2\/pages\/158"}],"wp:attachment":[{"href":"https:\/\/www.care-quality.ch\/de\/wp-json\/wp\/v2\/media?parent=178"}],"curies":[{"name":"wp","href":"https:\/\/api.w.org\/{rel}","templated":true}]}}