{"id":176,"date":"2018-06-10T17:57:15","date_gmt":"2018-06-10T15:57:15","guid":{"rendered":"https:\/\/carrilho.com\/care-quality\/?page_id=176"},"modified":"2025-10-02T10:25:20","modified_gmt":"2025-10-02T08:25:20","slug":"human-resources","status":"publish","type":"page","link":"https:\/\/www.care-quality.ch\/de\/mein-angebot\/human-resources\/","title":{"rendered":"Human Resources"},"content":{"rendered":"<p>[vc_row css_animation=&#8220;&#8220; row_type=&#8220;row&#8220; use_row_as_full_screen_section=&#8220;no&#8220; type=&#8220;full_width&#8220; angled_section=&#8220;no&#8220; text_align=&#8220;left&#8220; background_image_as_pattern=&#8220;without_pattern&#8220;][vc_column offset=&#8220;vc_hidden-sm vc_hidden-xs&#8220;][vc_empty_space height=&#8220;200px&#8220;][\/vc_column][\/vc_row][vc_row css_animation=&#8220;&#8220; row_type=&#8220;row&#8220; use_row_as_full_screen_section=&#8220;no&#8220; type=&#8220;grid&#8220; angled_section=&#8220;no&#8220; text_align=&#8220;left&#8220; background_image_as_pattern=&#8220;without_pattern&#8220; z_index=&#8220;&#8220;][vc_column width=&#8220;1\/2&#8243;][vc_single_image image=&#8220;1160&#8243; img_size=&#8220;full&#8220; alignment=&#8220;right&#8220; qode_css_animation=&#8220;&#8220;][\/vc_column][vc_column width=&#8220;1\/2&#8243;][vc_column_text]<\/p>\n<h1>Human Resources<\/h1>\n<p>[\/vc_column_text][vc_separator type=&#8220;small&#8220; position=&#8220;left&#8220; color=&#8220;#ae9962&#8243;][vc_column_text css=&#8220;.vc_custom_1758569093861{padding-bottom: 10px !important;}&#8220;]<\/p>\n<h2>Begleitung von Schl\u00fcsselpersonen und Unterst\u00fctzung von F\u00fchrungskr\u00e4ften.<\/h2>\n<p>[\/vc_column_text][vc_column_text css=&#8220;.vc_custom_1759393519679{padding-bottom: 15px !important;}&#8220;]Erfolg entsteht dort, wo Menschen mit den passenden F\u00e4higkeiten und Einstellungen in den richtigen Positionen wirken. Die gezielte Einsch\u00e4tzung von Schl\u00fcsselpersonen hilft, Potenziale und Risiken fr\u00fchzeitig zu erkennen und Mitarbeitende wirkungsvoll einzusetzen.<\/p>\n<p>&nbsp;<\/p>\n<p>Care Quality unterst\u00fctzt Sie dabei, Personalentscheidungen mit Profiling-Methoden fundiert abzusichern: Von der objektiven Beurteilung \u00fcber die Einsch\u00e4tzung der Authentizit\u00e4t bis hin zur Analyse verborgener Motive. Durch die Interpretation nonverbaler Signale wie K\u00f6rpersprache, Mimik und Gestik gewinnen Sie zus\u00e4tzliche Einsichten, die \u00fcber das Offensichtliche hinausgehen. Damit werden Personalentscheidungen nachvollziehbarer\u202f\u2013 f\u00fcr ein stimmiges Miteinander und eine verl\u00e4ssliche Zusammenarbeit.<\/p>\n<p>&nbsp;<\/p>\n<p>Ein individuell zugeschnittenes Coaching erg\u00e4nzt das Portfolio und f\u00f6rdert gezielt die pers\u00f6nliche Weiterentwicklung sowie die St\u00e4rkung der beruflichen Handlungskompetenz.[\/vc_column_text][vc_empty_space height=&#8220;15px&#8220;][\/vc_column][\/vc_row][vc_row css_animation=&#8220;&#8220; row_type=&#8220;row&#8220; use_row_as_full_screen_section=&#8220;no&#8220; type=&#8220;full_width&#8220; angled_section=&#8220;no&#8220; text_align=&#8220;left&#8220; background_image_as_pattern=&#8220;without_pattern&#8220; z_index=&#8220;&#8220;][vc_column][vc_empty_space height=&#8220;40px&#8220;][\/vc_column][\/vc_row][vc_row css_animation=&#8220;&#8220; row_type=&#8220;row&#8220; use_row_as_full_screen_section=&#8220;no&#8220; type=&#8220;full_width&#8220; angled_section=&#8220;no&#8220; text_align=&#8220;center&#8220; background_image_as_pattern=&#8220;without_pattern&#8220; z_index=&#8220;&#8220; css=&#8220;.vc_custom_1528651225745{background-color: #c3b595 !important;}&#8220;][vc_column][vc_row_inner row_type=&#8220;row&#8220; type=&#8220;grid&#8220; text_align=&#8220;center&#8220; css_animation=&#8220;&#8220; css=&#8220;.vc_custom_1528651343963{padding-top: 20px !important;padding-bottom: 20px !important;}&#8220;][vc_column_inner][vc_column_text]<\/p>\n<p class=\"zitat\">\u00abWer nicht mit der Zeit geht, geht mit der Zeit.\u00bb <span class=\"zitat-aut\">\u2014 unbekannt<\/span><\/p>\n<p>[\/vc_column_text][\/vc_column_inner][\/vc_row_inner][\/vc_column][\/vc_row][vc_row css_animation=&#8220;&#8220; row_type=&#8220;row&#8220; use_row_as_full_screen_section=&#8220;no&#8220; type=&#8220;full_width&#8220; angled_section=&#8220;no&#8220; text_align=&#8220;left&#8220; background_image_as_pattern=&#8220;without_pattern&#8220; z_index=&#8220;&#8220;][vc_column][vc_empty_space height=&#8220;30px&#8220;][\/vc_column][\/vc_row][vc_row css_animation=&#8220;&#8220; row_type=&#8220;row&#8220; use_row_as_full_screen_section=&#8220;no&#8220; type=&#8220;full_width&#8220; angled_section=&#8220;no&#8220; text_align=&#8220;left&#8220; background_image_as_pattern=&#8220;without_pattern&#8220; z_index=&#8220;&#8220;][vc_column][vc_empty_space height=&#8220;50px&#8220;][\/vc_column][\/vc_row]<\/p>\n","protected":false},"excerpt":{"rendered":"<p>[vc_row css_animation=&#8220;&#8220; row_type=&#8220;row&#8220; use_row_as_full_screen_section=&#8220;no&#8220; type=&#8220;full_width&#8220; angled_section=&#8220;no&#8220; text_align=&#8220;left&#8220; background_image_as_pattern=&#8220;without_pattern&#8220;][vc_column offset=&#8220;vc_hidden-sm vc_hidden-xs&#8220;][vc_empty_space height=&#8220;200px&#8220;][\/vc_column][\/vc_row][vc_row css_animation=&#8220;&#8220; row_type=&#8220;row&#8220; use_row_as_full_screen_section=&#8220;no&#8220; type=&#8220;grid&#8220; angled_section=&#8220;no&#8220; text_align=&#8220;left&#8220; background_image_as_pattern=&#8220;without_pattern&#8220; z_index=&#8220;&#8220;][vc_column width=&#8220;1\/2&#8243;][vc_single_image image=&#8220;1160&#8243; img_size=&#8220;full&#8220; alignment=&#8220;right&#8220; qode_css_animation=&#8220;&#8220;][\/vc_column][vc_column width=&#8220;1\/2&#8243;][vc_column_text] Human Resources [\/vc_column_text][vc_separator type=&#8220;small&#8220; position=&#8220;left&#8220; color=&#8220;#ae9962&#8243;][vc_column_text css=&#8220;.vc_custom_1758569093861{padding-bottom: 10px !important;}&#8220;] Begleitung von Schl\u00fcsselpersonen und Unterst\u00fctzung von F\u00fchrungskr\u00e4ften. [\/vc_column_text][vc_column_text css=&#8220;.vc_custom_1759393519679{padding-bottom: 15px !important;}&#8220;]Erfolg&#8230;<\/p>\n","protected":false},"author":1,"featured_media":0,"parent":158,"menu_order":0,"comment_status":"closed","ping_status":"closed","template":"full_width.php","meta":[],"_links":{"self":[{"href":"https:\/\/www.care-quality.ch\/de\/wp-json\/wp\/v2\/pages\/176"}],"collection":[{"href":"https:\/\/www.care-quality.ch\/de\/wp-json\/wp\/v2\/pages"}],"about":[{"href":"https:\/\/www.care-quality.ch\/de\/wp-json\/wp\/v2\/types\/page"}],"author":[{"embeddable":true,"href":"https:\/\/www.care-quality.ch\/de\/wp-json\/wp\/v2\/users\/1"}],"replies":[{"embeddable":true,"href":"https:\/\/www.care-quality.ch\/de\/wp-json\/wp\/v2\/comments?post=176"}],"version-history":[{"count":11,"href":"https:\/\/www.care-quality.ch\/de\/wp-json\/wp\/v2\/pages\/176\/revisions"}],"predecessor-version":[{"id":2200,"href":"https:\/\/www.care-quality.ch\/de\/wp-json\/wp\/v2\/pages\/176\/revisions\/2200"}],"up":[{"embeddable":true,"href":"https:\/\/www.care-quality.ch\/de\/wp-json\/wp\/v2\/pages\/158"}],"wp:attachment":[{"href":"https:\/\/www.care-quality.ch\/de\/wp-json\/wp\/v2\/media?parent=176"}],"curies":[{"name":"wp","href":"https:\/\/api.w.org\/{rel}","templated":true}]}}