{"id":174,"date":"2018-06-10T17:57:01","date_gmt":"2018-06-10T15:57:01","guid":{"rendered":"https:\/\/carrilho.com\/care-quality\/?page_id=174"},"modified":"2025-09-22T21:46:05","modified_gmt":"2025-09-22T19:46:05","slug":"qualitaetsmanagement","status":"publish","type":"page","link":"https:\/\/www.care-quality.ch\/de\/mein-angebot\/qualitaetsmanagement\/","title":{"rendered":"Qualit\u00e4tsmanagement"},"content":{"rendered":"<p>[vc_row css_animation=&#8220;&#8220; row_type=&#8220;row&#8220; use_row_as_full_screen_section=&#8220;no&#8220; type=&#8220;full_width&#8220; angled_section=&#8220;no&#8220; text_align=&#8220;left&#8220; background_image_as_pattern=&#8220;without_pattern&#8220;][vc_column offset=&#8220;vc_hidden-sm vc_hidden-xs&#8220;][vc_empty_space height=&#8220;200px&#8220;][\/vc_column][\/vc_row][vc_row css_animation=&#8220;&#8220; row_type=&#8220;row&#8220; use_row_as_full_screen_section=&#8220;no&#8220; type=&#8220;grid&#8220; angled_section=&#8220;no&#8220; text_align=&#8220;left&#8220; background_image_as_pattern=&#8220;without_pattern&#8220; z_index=&#8220;&#8220;][vc_column width=&#8220;1\/2&#8243;][vc_single_image image=&#8220;432&#8243; img_size=&#8220;full&#8220; alignment=&#8220;right&#8220; qode_css_animation=&#8220;&#8220;][\/vc_column][vc_column width=&#8220;1\/2&#8243;][vc_column_text]<\/p>\n<h1>Qualit\u00e4tsmanagement<\/h1>\n<p>[\/vc_column_text][vc_separator type=&#8220;small&#8220; position=&#8220;left&#8220; color=&#8220;#ae9962&#8243;][vc_column_text css=&#8220;.vc_custom_1758569344629{padding-bottom: 10px !important;}&#8220;]<\/p>\n<h2>Unabh\u00e4ngige Auditierungen in Pflegeeinrichtungen.<\/h2>\n<p>[\/vc_column_text][vc_column_text css=&#8220;.vc_custom_1758570364488{padding-bottom: 15px !important;}&#8220;]Qualit\u00e4tsmanagement in Pflegeeinrichtungen basiert auf einem ganzheitlichen Verst\u00e4ndnis aller internen Bereiche und der Zusammenarbeit aller Beteiligten. Eine praxisorientierte Checkliste, die Selbst- und Fremdeinsch\u00e4tzungen einschliesst, unterst\u00fctzt dabei, St\u00e4rken und Entwicklungsfelder systematisch zu erkennen.<\/p>\n<p>&nbsp;<\/p>\n<p>Der Ansatz f\u00f6rdert eine transparente Reflexion von Abl\u00e4ufen, Strukturen und der gelebten Kultur vor Ort. So entsteht eine solide Basis, um die <a class=\"gold-link\" href=\"#audit\">Qualit\u00e4t der Pflege<\/a> und der Organisation nachhaltig zu sichern und weiterzuentwickeln.[\/vc_column_text][vc_empty_space height=&#8220;15px&#8220;][vc_column_text]<a href=\"https:\/\/www.saq.ch\/personenzertifizierung\/qualitaets-management\/saq-gratuliert\/\" target=\"_blank\" rel=\"noopener\">Zertifiziert nach SAQ<\/a>[\/vc_column_text][vc_empty_space height=&#8220;15px&#8220;][vc_single_image image=&#8220;438&#8243; img_size=&#8220;large&#8220; qode_css_animation=&#8220;&#8220;][\/vc_column][\/vc_row][vc_row css_animation=&#8220;&#8220; row_type=&#8220;row&#8220; use_row_as_full_screen_section=&#8220;no&#8220; type=&#8220;full_width&#8220; angled_section=&#8220;no&#8220; text_align=&#8220;left&#8220; background_image_as_pattern=&#8220;without_pattern&#8220; z_index=&#8220;&#8220;][vc_column][vc_empty_space height=&#8220;40px&#8220;][\/vc_column][\/vc_row][vc_row css_animation=&#8220;&#8220; row_type=&#8220;row&#8220; use_row_as_full_screen_section=&#8220;no&#8220; type=&#8220;full_width&#8220; angled_section=&#8220;no&#8220; text_align=&#8220;center&#8220; background_image_as_pattern=&#8220;without_pattern&#8220; z_index=&#8220;&#8220; css=&#8220;.vc_custom_1528651225745{background-color: #c3b595 !important;}&#8220;][vc_column][vc_row_inner row_type=&#8220;row&#8220; type=&#8220;grid&#8220; text_align=&#8220;center&#8220; css_animation=&#8220;&#8220; css=&#8220;.vc_custom_1528651343963{padding-top: 20px !important;padding-bottom: 20px !important;}&#8220;][vc_column_inner][vc_column_text]<\/p>\n<p class=\"zitat\">\u00abVer\u00e4nderung ist nur das Salz des Vergn\u00fcgens.\u00bb <span class=\"zitat-aut\">\u2014 Friedrich Schiller<\/span><\/p>\n<p>[\/vc_column_text][\/vc_column_inner][\/vc_row_inner][\/vc_column][\/vc_row][vc_row css_animation=&#8220;&#8220; row_type=&#8220;row&#8220; use_row_as_full_screen_section=&#8220;no&#8220; type=&#8220;full_width&#8220; angled_section=&#8220;no&#8220; text_align=&#8220;left&#8220; background_image_as_pattern=&#8220;without_pattern&#8220; z_index=&#8220;&#8220;][vc_column][vc_empty_space height=&#8220;30px&#8220;][\/vc_column][\/vc_row][vc_row css_animation=&#8220;&#8220; row_type=&#8220;row&#8220; use_row_as_full_screen_section=&#8220;no&#8220; type=&#8220;grid&#8220; angled_section=&#8220;no&#8220; text_align=&#8220;left&#8220; background_image_as_pattern=&#8220;without_pattern&#8220; css=&#8220;.vc_custom_1758570355501{padding-top: 50px !important;padding-bottom: 50px !important;}&#8220; z_index=&#8220;&#8220; el_id=&#8220;audit&#8220;][vc_column width=&#8220;1\/2&#8243;][vc_single_image image=&#8220;1279&#8243; img_size=&#8220;full&#8220; add_caption=&#8220;yes&#8220; alignment=&#8220;center&#8220; qode_css_animation=&#8220;&#8220; css=&#8220;.vc_custom_1538922781736{padding-right: 25px !important;padding-bottom: 25px !important;}&#8220;][\/vc_column][vc_column width=&#8220;1\/2&#8243;][vc_column_text]<\/p>\n<h3 style=\"color: #00457c;\">Audit-Angebot \u2013 strukturiert und praxisorientiert<\/h3>\n<p>[\/vc_column_text][vc_empty_space height=&#8220;15px&#8220;][vc_column_text]<\/p>\n<ul>\n<li><b>Kickoff-Meeting<\/b>: Gemeinsamer Start zur Abstimmung der Ziele und Auditablauf.<\/li>\n<li><b>Detaillierter Auditablauf<\/b>: Klarer Plan f\u00fcr die \u00dcberpr\u00fcfung aller relevanten Bereiche vor Ort.<\/li>\n<li><b>Checkliste mit 7 Kernbereichen<\/b>: Umfassende Fremdeinsch\u00e4tzung der zentralen Themenfelder vor Ort.<\/li>\n<li><b>Massnahmenplan:<\/b> Konkrete Empfehlungen zur Weiterentwicklung und Qualit\u00e4tsverbesserung.<\/li>\n<li><b>Ausf\u00fchrlicher Auditbericht:<\/b> Transparente Dokumentation der Ergebnisse und Optimierungsvorschl\u00e4gen.<\/li>\n<\/ul>\n<p>[\/vc_column_text][\/vc_column][\/vc_row][vc_row css_animation=&#8220;&#8220; row_type=&#8220;row&#8220; use_row_as_full_screen_section=&#8220;no&#8220; type=&#8220;full_width&#8220; angled_section=&#8220;no&#8220; text_align=&#8220;left&#8220; background_image_as_pattern=&#8220;without_pattern&#8220; z_index=&#8220;&#8220;][vc_column][vc_empty_space height=&#8220;50px&#8220;][\/vc_column][\/vc_row]<\/p>\n","protected":false},"excerpt":{"rendered":"<p>[vc_row css_animation=&#8220;&#8220; row_type=&#8220;row&#8220; use_row_as_full_screen_section=&#8220;no&#8220; type=&#8220;full_width&#8220; angled_section=&#8220;no&#8220; text_align=&#8220;left&#8220; background_image_as_pattern=&#8220;without_pattern&#8220;][vc_column offset=&#8220;vc_hidden-sm vc_hidden-xs&#8220;][vc_empty_space height=&#8220;200px&#8220;][\/vc_column][\/vc_row][vc_row css_animation=&#8220;&#8220; row_type=&#8220;row&#8220; use_row_as_full_screen_section=&#8220;no&#8220; type=&#8220;grid&#8220; angled_section=&#8220;no&#8220; text_align=&#8220;left&#8220; background_image_as_pattern=&#8220;without_pattern&#8220; z_index=&#8220;&#8220;][vc_column width=&#8220;1\/2&#8243;][vc_single_image image=&#8220;432&#8243; img_size=&#8220;full&#8220; alignment=&#8220;right&#8220; qode_css_animation=&#8220;&#8220;][\/vc_column][vc_column width=&#8220;1\/2&#8243;][vc_column_text] Qualit\u00e4tsmanagement [\/vc_column_text][vc_separator type=&#8220;small&#8220; position=&#8220;left&#8220; color=&#8220;#ae9962&#8243;][vc_column_text css=&#8220;.vc_custom_1758569344629{padding-bottom: 10px !important;}&#8220;] Unabh\u00e4ngige Auditierungen in Pflegeeinrichtungen. [\/vc_column_text][vc_column_text css=&#8220;.vc_custom_1758570364488{padding-bottom: 15px !important;}&#8220;]Qualit\u00e4tsmanagement in Pflegeeinrichtungen basiert auf&#8230;<\/p>\n","protected":false},"author":1,"featured_media":0,"parent":158,"menu_order":0,"comment_status":"closed","ping_status":"closed","template":"full_width.php","meta":[],"_links":{"self":[{"href":"https:\/\/www.care-quality.ch\/de\/wp-json\/wp\/v2\/pages\/174"}],"collection":[{"href":"https:\/\/www.care-quality.ch\/de\/wp-json\/wp\/v2\/pages"}],"about":[{"href":"https:\/\/www.care-quality.ch\/de\/wp-json\/wp\/v2\/types\/page"}],"author":[{"embeddable":true,"href":"https:\/\/www.care-quality.ch\/de\/wp-json\/wp\/v2\/users\/1"}],"replies":[{"embeddable":true,"href":"https:\/\/www.care-quality.ch\/de\/wp-json\/wp\/v2\/comments?post=174"}],"version-history":[{"count":11,"href":"https:\/\/www.care-quality.ch\/de\/wp-json\/wp\/v2\/pages\/174\/revisions"}],"predecessor-version":[{"id":2159,"href":"https:\/\/www.care-quality.ch\/de\/wp-json\/wp\/v2\/pages\/174\/revisions\/2159"}],"up":[{"embeddable":true,"href":"https:\/\/www.care-quality.ch\/de\/wp-json\/wp\/v2\/pages\/158"}],"wp:attachment":[{"href":"https:\/\/www.care-quality.ch\/de\/wp-json\/wp\/v2\/media?parent=174"}],"curies":[{"name":"wp","href":"https:\/\/api.w.org\/{rel}","templated":true}]}}