{"id":156,"date":"2018-06-10T17:53:48","date_gmt":"2018-06-10T15:53:48","guid":{"rendered":"https:\/\/carrilho.com\/care-quality\/?page_id=156"},"modified":"2025-09-24T09:34:01","modified_gmt":"2025-09-24T07:34:01","slug":"was-ein-profiler-tut","status":"publish","type":"page","link":"https:\/\/www.care-quality.ch\/de\/was-ein-profiler-tut\/","title":{"rendered":"Was ein Profiler tut"},"content":{"rendered":"<p>[vc_row css_animation=&#8220;&#8220; row_type=&#8220;row&#8220; use_row_as_full_screen_section=&#8220;no&#8220; type=&#8220;full_width&#8220; angled_section=&#8220;no&#8220; text_align=&#8220;left&#8220; background_image_as_pattern=&#8220;without_pattern&#8220;][vc_column offset=&#8220;vc_hidden-sm vc_hidden-xs&#8220;][vc_empty_space height=&#8220;200px&#8220;][\/vc_column][\/vc_row][vc_row css_animation=&#8220;&#8220; row_type=&#8220;row&#8220; use_row_as_full_screen_section=&#8220;no&#8220; type=&#8220;grid&#8220; angled_section=&#8220;no&#8220; text_align=&#8220;left&#8220; background_image_as_pattern=&#8220;without_pattern&#8220; z_index=&#8220;&#8220;][vc_column width=&#8220;1\/2&#8243; el_id=&#8220;keybg&#8220;][vc_empty_space height=&#8220;320px&#8220; el_class=&#8220;leerbereich&#8220;][\/vc_column][vc_column width=&#8220;1\/2&#8243;][vc_column_text]<\/p>\n<h1>Was ein Profiler tut<\/h1>\n<p>[\/vc_column_text][vc_separator type=&#8220;small&#8220; position=&#8220;left&#8220; color=&#8220;#ae9962&#8243;][vc_column_text css=&#8220;.vc_custom_1758564176855{padding-bottom: 10px !important;}&#8220;]<\/p>\n<h2>Verhalten erkennen \u2013 Dynamik verstehen<\/h2>\n<p>[\/vc_column_text][vc_column_text]Als Profiler analysiere und interpretiere ich nonverbale Signale wie K\u00f6rpersprache, Mimik und Gestik. So werden Motive, Potenziale und Risiken sichtbar, die in Gespr\u00e4chen oder beruflichen Situationen oft verborgen bleiben.<\/p>\n<p>&nbsp;<\/p>\n<p>Profiling bedeutet, Verhalten objektiv einzuordnen, Authentizit\u00e4t zu pr\u00fcfen und Dynamiken zu verstehen. Damit unterst\u00fctze ich Menschen und Organisationen dabei, Klarheit zu gewinnen und Vertrauen aufzubauen \u2013 und auf dieser Basis Entscheidungsprozesse sicherer zu gestalten.[\/vc_column_text][\/vc_column][\/vc_row][vc_row css_animation=&#8220;&#8220; row_type=&#8220;row&#8220; use_row_as_full_screen_section=&#8220;no&#8220; type=&#8220;grid&#8220; angled_section=&#8220;no&#8220; text_align=&#8220;left&#8220; background_image_as_pattern=&#8220;without_pattern&#8220; z_index=&#8220;&#8220;][vc_column width=&#8220;1\/2&#8243; offset=&#8220;vc_hidden-lg vc_hidden-md vc_hidden-sm vc_hidden-xs&#8220;][vc_single_image image=&#8220;263&#8243; img_size=&#8220;full&#8220; qode_css_animation=&#8220;&#8220;][\/vc_column][vc_column width=&#8220;1\/2&#8243; offset=&#8220;vc_hidden-lg vc_hidden-md vc_hidden-sm vc_hidden-xs&#8220;][vc_column_text]<\/p>\n<h1>Profiling | Beratung | Qualit\u00e4t<\/h1>\n<p>[\/vc_column_text][vc_separator type=&#8220;small&#8220; position=&#8220;left&#8220; color=&#8220;#ae9962&#8243;][vc_column_text css=&#8220;.vc_custom_1755682127705{padding-bottom: 10px !important;}&#8220;]<\/p>\n<h2>Verhalten erkennen-Dynamik verstehen.<\/h2>\n<p>[\/vc_column_text][vc_column_text]Care Quality unterst\u00fctzt Sie dabei, neue Einsichten zu gewinnen und Potenziale sichtbar zu machen. Profiling und verhaltensorientierte Analyse erm\u00f6glichen Klarheit in Situationen, in denen mehr als Fakten gefragt sind: diskret, respektvoll und auf den jeweiligen Kontext abgestimmt.<\/p>\n<p>&nbsp;<\/p>\n<p>Ob in Wirtschaft, Verwaltung oder sozialen Einrichtungen: Care Quality begleitet Sie bei Ver\u00e4nderung, schafft Orientierung und bringt Klarheit bei komplexen Fragen.<\/p>\n<p>&nbsp;<\/p>\n<p>F\u00fcr alle, die Menschen und Zusammenh\u00e4nge besser erfassen wollen\u202f\u2013 ob im Unternehmen, im Alltag oder bei wichtigen Entscheidungen.<\/p>\n<p>&nbsp;<\/p>\n<p><b>Das Angebot im \u00dcberblick:<\/b><\/p>\n<ul>\n<li>Objektive Einsch\u00e4tzung von Schl\u00fcsselpersonen.<\/li>\n<li>Erkennen versteckter Motive, Risiken und Potenziale.<\/li>\n<li>Interne Schulungen bez\u00fcglich F\u00fchrung, Kommunikation und Wirkung.<\/li>\n<li>Analyse und Interpretation nonverbaler Signale wie K\u00f6rpersprache, Mimik und Gestik.<\/li>\n<li>Auditierungen in Pflegeeinrichtungen<\/li>\n<li>Begleitung bei Ver\u00e4nderungsprozessen oder herausfordernden Situationen im Team.<\/li>\n<li>Unterst\u00fctzung bei Fragen zur Glaubw\u00fcrdigkeit, Vertrauensbildung und Konfliktkl\u00e4rung.<\/li>\n<\/ul>\n<p>[\/vc_column_text][vc_empty_space height=&#8220;15px&#8220;]<a  itemprop=\"url\" href=\"#Berufserfahrung_1\" target=\"_self\"  class=\"qbutton  small default\" style=\"\">Mehr erfahren<\/a>[\/vc_column][\/vc_row][vc_row css_animation=&#8220;&#8220; row_type=&#8220;row&#8220; use_row_as_full_screen_section=&#8220;no&#8220; type=&#8220;grid&#8220; angled_section=&#8220;no&#8220; text_align=&#8220;left&#8220; background_image_as_pattern=&#8220;without_pattern&#8220; z_index=&#8220;&#8220;][vc_column][vc_empty_space height=&#8220;50px&#8220;][\/vc_column][\/vc_row][vc_row css_animation=&#8220;&#8220; row_type=&#8220;row&#8220; use_row_as_full_screen_section=&#8220;no&#8220; type=&#8220;full_width&#8220; angled_section=&#8220;no&#8220; text_align=&#8220;center&#8220; background_image_as_pattern=&#8220;without_pattern&#8220; z_index=&#8220;&#8220; css=&#8220;.vc_custom_1528651225745{background-color: #c3b595 !important;}&#8220;][vc_column][vc_row_inner row_type=&#8220;row&#8220; type=&#8220;grid&#8220; text_align=&#8220;center&#8220; css_animation=&#8220;&#8220; css=&#8220;.vc_custom_1528651343963{padding-top: 20px !important;padding-bottom: 20px !important;}&#8220;][vc_column_inner][vc_column_text]<\/p>\n<p class=\"zitat\">\u00abBeobachten ist der Anfang jeder Erkenntnis.\u00bb <span class=\"zitat-aut\">\u2013 Heinz von Foerster, Kybernetiker und Systemtheoretiker<\/span><\/p>\n<p>[\/vc_column_text][\/vc_column_inner][\/vc_row_inner][\/vc_column][\/vc_row][vc_row css_animation=&#8220;&#8220; row_type=&#8220;row&#8220; use_row_as_full_screen_section=&#8220;no&#8220; type=&#8220;full_width&#8220; angled_section=&#8220;no&#8220; text_align=&#8220;left&#8220; background_image_as_pattern=&#8220;without_pattern&#8220;][vc_column][vc_empty_space height=&#8220;50px&#8220;][\/vc_column][\/vc_row]<\/p>\n","protected":false},"excerpt":{"rendered":"<p>[vc_row css_animation=&#8220;&#8220; row_type=&#8220;row&#8220; use_row_as_full_screen_section=&#8220;no&#8220; type=&#8220;full_width&#8220; angled_section=&#8220;no&#8220; text_align=&#8220;left&#8220; background_image_as_pattern=&#8220;without_pattern&#8220;][vc_column offset=&#8220;vc_hidden-sm vc_hidden-xs&#8220;][vc_empty_space height=&#8220;200px&#8220;][\/vc_column][\/vc_row][vc_row css_animation=&#8220;&#8220; row_type=&#8220;row&#8220; use_row_as_full_screen_section=&#8220;no&#8220; type=&#8220;grid&#8220; angled_section=&#8220;no&#8220; text_align=&#8220;left&#8220; background_image_as_pattern=&#8220;without_pattern&#8220; z_index=&#8220;&#8220;][vc_column width=&#8220;1\/2&#8243; el_id=&#8220;keybg&#8220;][vc_empty_space height=&#8220;320px&#8220; el_class=&#8220;leerbereich&#8220;][\/vc_column][vc_column width=&#8220;1\/2&#8243;][vc_column_text] Was ein Profiler tut [\/vc_column_text][vc_separator type=&#8220;small&#8220; position=&#8220;left&#8220; color=&#8220;#ae9962&#8243;][vc_column_text css=&#8220;.vc_custom_1758564176855{padding-bottom: 10px !important;}&#8220;] Verhalten erkennen \u2013 Dynamik verstehen [\/vc_column_text][vc_column_text]Als Profiler analysiere und interpretiere&#8230;<\/p>\n","protected":false},"author":1,"featured_media":0,"parent":0,"menu_order":0,"comment_status":"closed","ping_status":"closed","template":"full_width.php","meta":[],"_links":{"self":[{"href":"https:\/\/www.care-quality.ch\/de\/wp-json\/wp\/v2\/pages\/156"}],"collection":[{"href":"https:\/\/www.care-quality.ch\/de\/wp-json\/wp\/v2\/pages"}],"about":[{"href":"https:\/\/www.care-quality.ch\/de\/wp-json\/wp\/v2\/types\/page"}],"author":[{"embeddable":true,"href":"https:\/\/www.care-quality.ch\/de\/wp-json\/wp\/v2\/users\/1"}],"replies":[{"embeddable":true,"href":"https:\/\/www.care-quality.ch\/de\/wp-json\/wp\/v2\/comments?post=156"}],"version-history":[{"count":11,"href":"https:\/\/www.care-quality.ch\/de\/wp-json\/wp\/v2\/pages\/156\/revisions"}],"predecessor-version":[{"id":2181,"href":"https:\/\/www.care-quality.ch\/de\/wp-json\/wp\/v2\/pages\/156\/revisions\/2181"}],"wp:attachment":[{"href":"https:\/\/www.care-quality.ch\/de\/wp-json\/wp\/v2\/media?parent=156"}],"curies":[{"name":"wp","href":"https:\/\/api.w.org\/{rel}","templated":true}]}}